{"id":332,"date":"2023-06-05T11:02:29","date_gmt":"2023-06-05T09:02:29","guid":{"rendered":"https:\/\/test.cleoc.fr\/?page_id=332"},"modified":"2023-06-05T11:24:57","modified_gmt":"2023-06-05T09:24:57","slug":"cleo-c-a-propos","status":"publish","type":"page","link":"https:\/\/www.cleoc.fr\/?page_id=332","title":{"rendered":"Cleo C &#8211; A propos"},"content":{"rendered":"\n<p class=\"has-ti-bg-color has-text-color\">Cleo C, c\u2019est avant tout une histoire de d\u00e9coration, de tissus d\u2019ameublement, s\u00e9lectionn\u00e9s au fils des projets, des recherches, des rencontres et des coups de coeur\u2026 par Cleo Carnelli, Romaine dans l\u2019\u00e2me et Parisienne depuis plus de 20 ans.<\/p>\n\n\n\n<p class=\"has-ti-bg-color has-text-color\">Elle vous fera d\u00e9couvrir son art de vivre \u00ab\u00e0 l\u2019italienne\u00bb dans son QG, 23 rue Jacob \u00e0 Paris. Apr\u00e8s le lancement d\u2019un show room d\u00e9di\u00e9 \u00e0 Colony pendant plusieurs ann\u00e9es, Cleo Carnelli cr\u00e9e sa propre boutique, Cleo C, en distribuant de grandes marques de tissus telles que Colony, Glant ou Pedroso &amp; Osorio .<\/p>\n\n\n\n<p class=\"has-ti-bg-color has-text-color\">Cette offre s\u2019enrichit par la suite de nouvelles marques comme Kohro, Livio de Simone, Bertozzi, Scalamandr\u00e9\u2026 puis Cleo Carnelli d\u00e9cide d\u2019ouvrir la boutique Cleo C dans le m\u00eame quartier de Saint-Germain des Pr\u00e9s, en face de son showroom, d\u00e9di\u00e9 aux produits finis mais aussi aux projets, avec la marque Bertozzi (au 23 rue Jacob).<\/p>\n","protected":false},"excerpt":{"rendered":"<p>Cleo C, c\u2019est avant tout une histoire de d\u00e9coration, de tissus d\u2019ameublement, s\u00e9lectionn\u00e9s au fils des projets, des recherches, des rencontres et des coups de coeur\u2026 par Cleo Carnelli, Romaine dans l\u2019\u00e2me et Parisienne depuis plus de 20 ans. Elle vous fera d\u00e9couvrir son art de vivre \u00ab\u00e0 l\u2019italienne\u00bb dans son QG, 23 rue Jacob [&hellip;]<\/p>\n","protected":false},"author":1,"featured_media":245,"parent":0,"menu_order":0,"comment_status":"closed","ping_status":"closed","template":"","meta":{"_themeisle_gutenberg_block_has_review":false,"footnotes":""},"class_list":["post-332","page","type-page","status-publish","has-post-thumbnail","hentry"],"_links":{"self":[{"href":"https:\/\/www.cleoc.fr\/index.php?rest_route=\/wp\/v2\/pages\/332","targetHints":{"allow":["GET"]}}],"collection":[{"href":"https:\/\/www.cleoc.fr\/index.php?rest_route=\/wp\/v2\/pages"}],"about":[{"href":"https:\/\/www.cleoc.fr\/index.php?rest_route=\/wp\/v2\/types\/page"}],"author":[{"embeddable":true,"href":"https:\/\/www.cleoc.fr\/index.php?rest_route=\/wp\/v2\/users\/1"}],"replies":[{"embeddable":true,"href":"https:\/\/www.cleoc.fr\/index.php?rest_route=%2Fwp%2Fv2%2Fcomments&post=332"}],"version-history":[{"count":2,"href":"https:\/\/www.cleoc.fr\/index.php?rest_route=\/wp\/v2\/pages\/332\/revisions"}],"predecessor-version":[{"id":352,"href":"https:\/\/www.cleoc.fr\/index.php?rest_route=\/wp\/v2\/pages\/332\/revisions\/352"}],"wp:featuredmedia":[{"embeddable":true,"href":"https:\/\/www.cleoc.fr\/index.php?rest_route=\/wp\/v2\/media\/245"}],"wp:attachment":[{"href":"https:\/\/www.cleoc.fr\/index.php?rest_route=%2Fwp%2Fv2%2Fmedia&parent=332"}],"curies":[{"name":"wp","href":"https:\/\/api.w.org\/{rel}","templated":true}]}}